{"id":14,"date":"2025-09-09T09:56:57","date_gmt":"2025-09-09T09:56:57","guid":{"rendered":"https:\/\/lodeponxe.rkinformatika.online\/?page_id=14"},"modified":"2026-04-08T17:38:27","modified_gmt":"2026-04-08T17:38:27","slug":"reservas","status":"publish","type":"page","link":"https:\/\/lodeponxe.com\/en\/reservas\/","title":{"rendered":"Book a table"},"content":{"rendered":"<div data-elementor-type=\"wp-page\" data-elementor-id=\"14\" class=\"elementor elementor-14\" data-elementor-post-type=\"page\">\n\t\t\t\t<div class=\"elementor-element elementor-element-c4671ab e-flex e-con-boxed e-con e-parent\" data-id=\"c4671ab\" data-element_type=\"container\" data-e-type=\"container\" data-settings=\"{&quot;background_background&quot;:&quot;classic&quot;}\">\n\t\t\t\t\t<div class=\"e-con-inner\">\n\t\t<div class=\"elementor-element elementor-element-f8517e4 e-con-full e-flex elementor-invisible e-con e-child\" data-id=\"f8517e4\" data-element_type=\"container\" data-e-type=\"container\" data-settings=\"{&quot;background_background&quot;:&quot;classic&quot;,&quot;animation&quot;:&quot;fadeInLeft&quot;}\">\n\t\t\t\t<div class=\"elementor-element elementor-element-833a0b7 elementor-widget elementor-widget-heading\" data-id=\"833a0b7\" data-element_type=\"widget\" data-e-type=\"widget\" data-widget_type=\"heading.default\">\n\t\t\t\t\t<h6 class=\"elementor-heading-title elementor-size-default\">Reservas solo por tel\u00e9fono<\/h6>\t\t\t\t<\/div>\n\t\t\t\t<div class=\"elementor-element elementor-element-0b0596e elementor-widget__width-initial elementor-widget elementor-widget-text-editor\" data-id=\"0b0596e\" data-element_type=\"widget\" data-e-type=\"widget\" data-widget_type=\"text-editor.default\">\n\t\t\t\t\t\t\t\t\t<p>Ll\u00e1manos al restaurante para reservar mesa o reservar plaza para alg\u00fan curso.<\/p>\t\t\t\t\t\t\t\t<\/div>\n\t\t\t\t<div class=\"elementor-element elementor-element-a9b3a44 elementor-tablet-align-start elementor-icon-list--layout-traditional elementor-list-item-link-full_width elementor-widget elementor-widget-icon-list\" data-id=\"a9b3a44\" data-element_type=\"widget\" data-e-type=\"widget\" data-widget_type=\"icon-list.default\">\n\t\t\t\t\t\t\t<ul class=\"elementor-icon-list-items\">\n\t\t\t\t\t\t\t<li class=\"elementor-icon-list-item\">\n\t\t\t\t\t\t\t\t\t\t\t<a href=\"tel:%20+34%20665%2050%2002%2088\">\n\n\t\t\t\t\t\t\t\t\t\t\t\t<span class=\"elementor-icon-list-icon\">\n\t\t\t\t\t\t\t<svg aria-hidden=\"true\" class=\"e-font-icon-svg e-fas-phone-alt\" viewbox=\"0 0 512 512\" xmlns=\"http:\/\/www.w3.org\/2000\/svg\"><path d=\"M497.39 361.8l-112-48a24 24 0 0 0-28 6.9l-49.6 60.6A370.66 370.66 0 0 1 130.6 204.11l60.6-49.6a23.94 23.94 0 0 0 6.9-28l-48-112A24.16 24.16 0 0 0 122.6.61l-104 24A24 24 0 0 0 0 48c0 256.5 207.9 464 464 464a24 24 0 0 0 23.4-18.6l24-104a24.29 24.29 0 0 0-14.01-27.6z\"><\/path><\/svg>\t\t\t\t\t\t<\/span>\n\t\t\t\t\t\t\t\t\t\t<span class=\"elementor-icon-list-text\">+34 665 50 02 88<\/span>\n\t\t\t\t\t\t\t\t\t\t\t<\/a>\n\t\t\t\t\t\t\t\t\t<\/li>\n\t\t\t\t\t\t\t\t<li class=\"elementor-icon-list-item\">\n\t\t\t\t\t\t\t\t\t\t\t<a href=\"https:\/\/www.google.com\/maps\/place\/Lo+de+Ponxe\/@39.4750957,-0.3844416,19z\/data=!3m1!4b1!4m6!3m5!1s0xd604f45740cf6df:0xd380e3e2e4b74b9a!8m2!3d39.4750947!4d-0.3837979!16s%2Fg%2F11c1s_8_7w?entry=ttu&#038;g_ep=EgoyMDI1MDkwMy4wIKXMDSoASAFQAw%3D%3D\" target=\"_blank\">\n\n\t\t\t\t\t\t\t\t\t\t\t\t<span class=\"elementor-icon-list-icon\">\n\t\t\t\t\t\t\t<svg aria-hidden=\"true\" class=\"e-font-icon-svg e-fas-map-marker-alt\" viewbox=\"0 0 384 512\" xmlns=\"http:\/\/www.w3.org\/2000\/svg\"><path d=\"M172.268 501.67C26.97 291.031 0 269.413 0 192 0 85.961 85.961 0 192 0s192 85.961 192 192c0 77.413-26.97 99.031-172.268 309.67-9.535 13.774-29.93 13.773-39.464 0zM192 272c44.183 0 80-35.817 80-80s-35.817-80-80-80-80 35.817-80 80 35.817 80 80 80z\"><\/path><\/svg>\t\t\t\t\t\t<\/span>\n\t\t\t\t\t\t\t\t\t\t<span class=\"elementor-icon-list-text\">Calle de Guillem de Castro, 80, Ciutat Vella, 46008 Val\u00e8ncia<\/span>\n\t\t\t\t\t\t\t\t\t\t\t<\/a>\n\t\t\t\t\t\t\t\t\t<\/li>\n\t\t\t\t\t\t<\/ul>\n\t\t\t\t\t\t<\/div>\n\t\t\t\t<div class=\"elementor-element elementor-element-92370c6 elementor-align-center elementor-widget elementor-widget-button\" data-id=\"92370c6\" data-element_type=\"widget\" data-e-type=\"widget\" data-widget_type=\"button.default\">\n\t\t\t\t\t\t\t\t\t\t<a class=\"elementor-button elementor-button-link elementor-size-sm\" href=\"tel:%20665%2050%2002%2088\">\n\t\t\t\t\t\t<span class=\"elementor-button-content-wrapper\">\n\t\t\t\t\t\t\t\t\t<span class=\"elementor-button-text\">CALL NOW<\/span>\n\t\t\t\t\t<\/span>\n\t\t\t\t\t<\/a>\n\t\t\t\t\t\t\t\t<\/div>\n\t\t\t\t<div class=\"elementor-element elementor-element-7600df0 elementor-widget elementor-widget-heading\" data-id=\"7600df0\" data-element_type=\"widget\" data-e-type=\"widget\" data-widget_type=\"heading.default\">\n\t\t\t\t\t<h6 class=\"elementor-heading-title elementor-size-default\">Hours<\/h6>\t\t\t\t<\/div>\n\t\t\t\t<div class=\"elementor-element elementor-element-8aca7b9 elementor-widget elementor-widget-text-editor\" data-id=\"8aca7b9\" data-element_type=\"widget\" data-e-type=\"widget\" data-widget_type=\"text-editor.default\">\n\t\t\t\t\t\t\t\t\t<p><strong>Monday to Saturday<\/strong>: <br \/>Kitchen open from 1:00 pm to 4:00 pm<br \/>Restaurant hours: 1:00 pm to 5:00 pm<\/p><p><strong>Friday, Saturday, and holiday eves<\/strong>:<br \/>Kitchen: 8:00 pm to 11:00 pm<br \/>Restaurante: de 20:00h a 0:00h<\/p>\t\t\t\t\t\t\t\t<\/div>\n\t\t\t\t<\/div>\n\t\t<div class=\"elementor-element elementor-element-76bfc28 e-con-full e-flex elementor-invisible e-con e-child\" data-id=\"76bfc28\" data-element_type=\"container\" data-e-type=\"container\" data-settings=\"{&quot;animation&quot;:&quot;fadeInRight&quot;}\">\n\t\t\t\t<\/div>\n\t\t<div class=\"elementor-element elementor-element-ae40586 e-con-full e-flex elementor-invisible e-con e-child\" data-id=\"ae40586\" data-element_type=\"container\" data-e-type=\"container\" data-settings=\"{&quot;animation&quot;:&quot;fadeInUp&quot;,&quot;animation_delay&quot;:200}\">\n\t\t\t\t<div class=\"elementor-element elementor-element-1183f6a elementor-widget__width-initial elementor-widget elementor-widget-google_maps\" data-id=\"1183f6a\" data-element_type=\"widget\" data-e-type=\"widget\" data-widget_type=\"google_maps.default\">\n\t\t\t\t\t\t\t<div class=\"elementor-custom-embed\">\n\t\t\t<iframe loading=\"lazy\"\n\t\t\t\t\tsrc=\"https:\/\/maps.google.com\/maps?q=Lo%20de%20Ponxe&#038;t=m&#038;z=15&#038;output=embed&#038;iwloc=near\"\n\t\t\t\t\ttitle=\"Lo de Ponxe\"\n\t\t\t\t\taria-label=\"Lo de Ponxe\"\n\t\t\t><\/iframe>\n\t\t<\/div>\n\t\t\t\t\t\t<\/div>\n\t\t\t\t<\/div>\n\t\t\t\t\t<\/div>\n\t\t\t\t<\/div>\n\t\t\t\t<\/div>","protected":false},"excerpt":{"rendered":"<p>Reservas solo por tel\u00e9fono Ll\u00e1manos al restaurante para reservar mesa o reservar plaza para alg\u00fan curso. +34 665 50 02 88 Calle de Guillem de Castro, 80, Ciutat Vella, 46008 Val\u00e8ncia LLAMAR AHORA Horario Lunes a s\u00e1bado: Cocina de 13:00h a 16:00hRestaurante de: 13:00h a 17:00h Viernes, s\u00e1bado y v\u00edsperas de festivo:Cocina: 20:00h a 23:00hRestaurante: [&hellip;]<\/p>\n","protected":false},"author":1,"featured_media":0,"parent":0,"menu_order":0,"comment_status":"closed","ping_status":"closed","template":"elementor_canvas","meta":{"footnotes":""},"class_list":["post-14","page","type-page","status-publish","hentry"],"yoast_head":"<!-- This site is optimized with the Yoast SEO plugin v27.4 - https:\/\/yoast.com\/product\/yoast-seo-wordpress\/ -->\n<title>Reservas - Lo de Ponxe<\/title>\n<meta name=\"robots\" content=\"index, follow, max-snippet:-1, max-image-preview:large, max-video-preview:-1\" \/>\n<link rel=\"canonical\" href=\"https:\/\/lodeponxe.com\/en\/reservas\/\" \/>\n<meta property=\"og:locale\" content=\"en_GB\" \/>\n<meta property=\"og:type\" content=\"article\" \/>\n<meta property=\"og:title\" content=\"Reservas - Lo de Ponxe\" \/>\n<meta property=\"og:description\" content=\"Reservas solo por tel\u00e9fono Ll\u00e1manos al restaurante para reservar mesa o reservar plaza para alg\u00fan curso. +34 665 50 02 88 Calle de Guillem de Castro, 80, Ciutat Vella, 46008 Val\u00e8ncia LLAMAR AHORA Horario Lunes a s\u00e1bado: Cocina de 13:00h a 16:00hRestaurante de: 13:00h a 17:00h Viernes, s\u00e1bado y v\u00edsperas de festivo:Cocina: 20:00h a 23:00hRestaurante: [&hellip;]\" \/>\n<meta property=\"og:url\" content=\"https:\/\/lodeponxe.com\/en\/reservas\/\" \/>\n<meta property=\"og:site_name\" content=\"Lo de Ponxe\" \/>\n<meta property=\"article:modified_time\" content=\"2026-04-08T17:38:27+00:00\" \/>\n<meta name=\"twitter:card\" content=\"summary_large_image\" \/>\n<meta name=\"twitter:label1\" content=\"Estimated reading time\" \/>\n\t<meta name=\"twitter:data1\" content=\"1 minute\" \/>\n<script type=\"application\/ld+json\" class=\"yoast-schema-graph\">{\"@context\":\"https:\\\/\\\/schema.org\",\"@graph\":[{\"@type\":\"WebPage\",\"@id\":\"https:\\\/\\\/lodeponxe.com\\\/reservas\\\/\",\"url\":\"https:\\\/\\\/lodeponxe.com\\\/reservas\\\/\",\"name\":\"Reservas - Lo de Ponxe\",\"isPartOf\":{\"@id\":\"https:\\\/\\\/lodeponxe.com\\\/#website\"},\"datePublished\":\"2025-09-09T09:56:57+00:00\",\"dateModified\":\"2026-04-08T17:38:27+00:00\",\"breadcrumb\":{\"@id\":\"https:\\\/\\\/lodeponxe.com\\\/reservas\\\/#breadcrumb\"},\"inLanguage\":\"en-GB\",\"potentialAction\":[{\"@type\":\"ReadAction\",\"target\":[\"https:\\\/\\\/lodeponxe.com\\\/reservas\\\/\"]}]},{\"@type\":\"BreadcrumbList\",\"@id\":\"https:\\\/\\\/lodeponxe.com\\\/reservas\\\/#breadcrumb\",\"itemListElement\":[{\"@type\":\"ListItem\",\"position\":1,\"name\":\"Portada\",\"item\":\"https:\\\/\\\/lodeponxe.com\\\/\"},{\"@type\":\"ListItem\",\"position\":2,\"name\":\"Reservas\"}]},{\"@type\":\"WebSite\",\"@id\":\"https:\\\/\\\/lodeponxe.com\\\/#website\",\"url\":\"https:\\\/\\\/lodeponxe.com\\\/\",\"name\":\"Lo de Ponxe\",\"description\":\"Restaurante de comida vegana\",\"publisher\":{\"@id\":\"https:\\\/\\\/lodeponxe.com\\\/#organization\"},\"potentialAction\":[{\"@type\":\"SearchAction\",\"target\":{\"@type\":\"EntryPoint\",\"urlTemplate\":\"https:\\\/\\\/lodeponxe.com\\\/?s={search_term_string}\"},\"query-input\":{\"@type\":\"PropertyValueSpecification\",\"valueRequired\":true,\"valueName\":\"search_term_string\"}}],\"inLanguage\":\"en-GB\"},{\"@type\":\"Organization\",\"@id\":\"https:\\\/\\\/lodeponxe.com\\\/#organization\",\"name\":\"Lo de Ponxe\",\"url\":\"https:\\\/\\\/lodeponxe.com\\\/\",\"logo\":{\"@type\":\"ImageObject\",\"inLanguage\":\"en-GB\",\"@id\":\"https:\\\/\\\/lodeponxe.com\\\/#\\\/schema\\\/logo\\\/image\\\/\",\"url\":\"https:\\\/\\\/lodeponxe.com\\\/wp-content\\\/uploads\\\/2025\\\/09\\\/cropped-488562344_1259425272576748_4056066400745945274_n-RK-Desarrollo-web-y-Redes-sociales.jpg\",\"contentUrl\":\"https:\\\/\\\/lodeponxe.com\\\/wp-content\\\/uploads\\\/2025\\\/09\\\/cropped-488562344_1259425272576748_4056066400745945274_n-RK-Desarrollo-web-y-Redes-sociales.jpg\",\"width\":1046,\"height\":1043,\"caption\":\"Lo de Ponxe\"},\"image\":{\"@id\":\"https:\\\/\\\/lodeponxe.com\\\/#\\\/schema\\\/logo\\\/image\\\/\"}}]}<\/script>\n<!-- \/ Yoast SEO plugin. -->","yoast_head_json":{"title":"Reservas - Lo de Ponxe","robots":{"index":"index","follow":"follow","max-snippet":"max-snippet:-1","max-image-preview":"max-image-preview:large","max-video-preview":"max-video-preview:-1"},"canonical":"https:\/\/lodeponxe.com\/en\/reservas\/","og_locale":"en_GB","og_type":"article","og_title":"Reservas - Lo de Ponxe","og_description":"Reservas solo por tel\u00e9fono Ll\u00e1manos al restaurante para reservar mesa o reservar plaza para alg\u00fan curso. +34 665 50 02 88 Calle de Guillem de Castro, 80, Ciutat Vella, 46008 Val\u00e8ncia LLAMAR AHORA Horario Lunes a s\u00e1bado: Cocina de 13:00h a 16:00hRestaurante de: 13:00h a 17:00h Viernes, s\u00e1bado y v\u00edsperas de festivo:Cocina: 20:00h a 23:00hRestaurante: [&hellip;]","og_url":"https:\/\/lodeponxe.com\/en\/reservas\/","og_site_name":"Lo de Ponxe","article_modified_time":"2026-04-08T17:38:27+00:00","twitter_card":"summary_large_image","twitter_misc":{"Estimated reading time":"1 minute"},"schema":{"@context":"https:\/\/schema.org","@graph":[{"@type":"WebPage","@id":"https:\/\/lodeponxe.com\/reservas\/","url":"https:\/\/lodeponxe.com\/reservas\/","name":"Reservas - Lo de Ponxe","isPartOf":{"@id":"https:\/\/lodeponxe.com\/#website"},"datePublished":"2025-09-09T09:56:57+00:00","dateModified":"2026-04-08T17:38:27+00:00","breadcrumb":{"@id":"https:\/\/lodeponxe.com\/reservas\/#breadcrumb"},"inLanguage":"en-GB","potentialAction":[{"@type":"ReadAction","target":["https:\/\/lodeponxe.com\/reservas\/"]}]},{"@type":"BreadcrumbList","@id":"https:\/\/lodeponxe.com\/reservas\/#breadcrumb","itemListElement":[{"@type":"ListItem","position":1,"name":"Portada","item":"https:\/\/lodeponxe.com\/"},{"@type":"ListItem","position":2,"name":"Reservas"}]},{"@type":"WebSite","@id":"https:\/\/lodeponxe.com\/#website","url":"https:\/\/lodeponxe.com\/","name":"Lo de Ponxe","description":"Restaurante de comida vegana","publisher":{"@id":"https:\/\/lodeponxe.com\/#organization"},"potentialAction":[{"@type":"SearchAction","target":{"@type":"EntryPoint","urlTemplate":"https:\/\/lodeponxe.com\/?s={search_term_string}"},"query-input":{"@type":"PropertyValueSpecification","valueRequired":true,"valueName":"search_term_string"}}],"inLanguage":"en-GB"},{"@type":"Organization","@id":"https:\/\/lodeponxe.com\/#organization","name":"Lo de Ponxe","url":"https:\/\/lodeponxe.com\/","logo":{"@type":"ImageObject","inLanguage":"en-GB","@id":"https:\/\/lodeponxe.com\/#\/schema\/logo\/image\/","url":"https:\/\/lodeponxe.com\/wp-content\/uploads\/2025\/09\/cropped-488562344_1259425272576748_4056066400745945274_n-RK-Desarrollo-web-y-Redes-sociales.jpg","contentUrl":"https:\/\/lodeponxe.com\/wp-content\/uploads\/2025\/09\/cropped-488562344_1259425272576748_4056066400745945274_n-RK-Desarrollo-web-y-Redes-sociales.jpg","width":1046,"height":1043,"caption":"Lo de Ponxe"},"image":{"@id":"https:\/\/lodeponxe.com\/#\/schema\/logo\/image\/"}}]}},"_links":{"self":[{"href":"https:\/\/lodeponxe.com\/en\/wp-json\/wp\/v2\/pages\/14","targetHints":{"allow":["GET"]}}],"collection":[{"href":"https:\/\/lodeponxe.com\/en\/wp-json\/wp\/v2\/pages"}],"about":[{"href":"https:\/\/lodeponxe.com\/en\/wp-json\/wp\/v2\/types\/page"}],"author":[{"embeddable":true,"href":"https:\/\/lodeponxe.com\/en\/wp-json\/wp\/v2\/users\/1"}],"replies":[{"embeddable":true,"href":"https:\/\/lodeponxe.com\/en\/wp-json\/wp\/v2\/comments?post=14"}],"version-history":[{"count":53,"href":"https:\/\/lodeponxe.com\/en\/wp-json\/wp\/v2\/pages\/14\/revisions"}],"predecessor-version":[{"id":471,"href":"https:\/\/lodeponxe.com\/en\/wp-json\/wp\/v2\/pages\/14\/revisions\/471"}],"wp:attachment":[{"href":"https:\/\/lodeponxe.com\/en\/wp-json\/wp\/v2\/media?parent=14"}],"curies":[{"name":"wp","href":"https:\/\/api.w.org\/{rel}","templated":true}]}}