{"id":9,"date":"2025-09-09T09:53:52","date_gmt":"2025-09-09T09:53:52","guid":{"rendered":"https:\/\/lodeponxe.rkinformatika.online\/?page_id=9"},"modified":"2025-11-25T13:07:30","modified_gmt":"2025-11-25T13:07:30","slug":"inicio","status":"publish","type":"page","link":"https:\/\/lodeponxe.com\/en\/","title":{"rendered":"Home"},"content":{"rendered":"\t\t<div data-elementor-type=\"wp-page\" data-elementor-id=\"9\" class=\"elementor elementor-9\" data-elementor-post-type=\"page\">\n\t\t\t\t<div class=\"elementor-element elementor-element-2d683f4 e-flex e-con-boxed e-con e-parent\" data-id=\"2d683f4\" data-element_type=\"container\" data-e-type=\"container\" data-settings=\"{&quot;background_background&quot;:&quot;slideshow&quot;,&quot;background_slideshow_lazyload&quot;:&quot;yes&quot;,&quot;background_slideshow_ken_burns&quot;:&quot;yes&quot;,&quot;background_slideshow_gallery&quot;:[{&quot;id&quot;:388,&quot;url&quot;:&quot;https:\\\/\\\/lodeponxe.com\\\/wp-content\\\/uploads\\\/2025\\\/11\\\/ponxe3.png&quot;},{&quot;id&quot;:389,&quot;url&quot;:&quot;https:\\\/\\\/lodeponxe.com\\\/wp-content\\\/uploads\\\/2025\\\/11\\\/ponxe4.png&quot;},{&quot;id&quot;:333,&quot;url&quot;:&quot;https:\\\/\\\/lodeponxe.com\\\/wp-content\\\/uploads\\\/2025\\\/11\\\/lodeponxe.jpg&quot;}],&quot;background_slideshow_loop&quot;:&quot;yes&quot;,&quot;background_slideshow_slide_duration&quot;:5000,&quot;background_slideshow_slide_transition&quot;:&quot;fade&quot;,&quot;background_slideshow_transition_duration&quot;:500,&quot;background_slideshow_ken_burns_zoom_direction&quot;:&quot;in&quot;}\">\n\t\t\t\t\t<div class=\"e-con-inner\">\n\t\t<div class=\"elementor-element elementor-element-3218788 e-con-full e-flex e-con e-child\" data-id=\"3218788\" data-element_type=\"container\" data-e-type=\"container\">\n\t\t\t\t<div class=\"elementor-element elementor-element-ec5d09e elementor-widget elementor-widget-heading\" data-id=\"ec5d09e\" data-element_type=\"widget\" data-e-type=\"widget\" data-widget_type=\"heading.default\">\n\t\t\t\t\t<h2 class=\"elementor-heading-title elementor-size-default\">Bienvenidos A<\/h2>\t\t\t\t<\/div>\n\t\t\t\t<div class=\"elementor-element elementor-element-d1bed41 elementor-widget elementor-widget-heading\" data-id=\"d1bed41\" data-element_type=\"widget\" data-e-type=\"widget\" data-widget_type=\"heading.default\">\n\t\t\t\t\t<h2 class=\"elementor-heading-title elementor-size-default\">Lo de Ponxe<\/h2>\t\t\t\t<\/div>\n\t\t\t\t<div class=\"elementor-element elementor-element-9d7a1d4 elementor-widget elementor-widget-heading\" data-id=\"9d7a1d4\" data-element_type=\"widget\" data-e-type=\"widget\" data-widget_type=\"heading.default\">\n\t\t\t\t\t<h2 class=\"elementor-heading-title elementor-size-default\">Restaurante vegano en Valencia<\/h2>\t\t\t\t<\/div>\n\t\t\t\t<\/div>\n\t\t\t\t\t<\/div>\n\t\t\t\t<\/div>\n\t\t\t\t<section class=\"elementor-section elementor-top-section elementor-element elementor-element-2602fe1 elementor-section-boxed elementor-section-height-default elementor-section-height-default\" data-id=\"2602fe1\" data-element_type=\"section\" data-e-type=\"section\">\n\t\t\t\t\t\t<div class=\"elementor-container elementor-column-gap-default\">\n\t\t\t\t\t<div class=\"elementor-column elementor-col-100 elementor-top-column elementor-element elementor-element-21507d1\" data-id=\"21507d1\" data-element_type=\"column\" data-e-type=\"column\">\n\t\t\t<div class=\"elementor-widget-wrap elementor-element-populated\">\n\t\t\t\t\t\t<section class=\"elementor-section elementor-inner-section elementor-element elementor-element-6368eac elementor-section-boxed elementor-section-height-default elementor-section-height-default\" data-id=\"6368eac\" data-element_type=\"section\" data-e-type=\"section\">\n\t\t\t\t\t\t<div class=\"elementor-container elementor-column-gap-no\">\n\t\t\t\t\t<div class=\"elementor-column elementor-col-50 elementor-inner-column elementor-element elementor-element-0657ce8\" data-id=\"0657ce8\" data-element_type=\"column\" data-e-type=\"column\">\n\t\t\t<div class=\"elementor-widget-wrap elementor-element-populated\">\n\t\t\t\t\t\t<div class=\"elementor-element elementor-element-29b54a9 elementor-widget elementor-widget-heading\" data-id=\"29b54a9\" data-element_type=\"widget\" data-e-type=\"widget\" data-widget_type=\"heading.default\">\n\t\t\t\t\t<h2 class=\"elementor-heading-title elementor-size-default\">Sobre Nosotros <\/h2>\t\t\t\t<\/div>\n\t\t\t\t<div class=\"elementor-element elementor-element-248b241 elementor-widget elementor-widget-heading\" data-id=\"248b241\" data-element_type=\"widget\" data-e-type=\"widget\" data-widget_type=\"heading.default\">\n\t\t\t\t\t<h2 class=\"elementor-heading-title elementor-size-default\">Cocina vegana macrobi\u00f3tica<\/h2>\t\t\t\t<\/div>\n\t\t\t\t<div class=\"elementor-element elementor-element-a757615 elementor-widget elementor-widget-button\" data-id=\"a757615\" data-element_type=\"widget\" data-e-type=\"widget\" data-widget_type=\"button.default\">\n\t\t\t\t\t\t\t\t\t\t<a class=\"elementor-button elementor-button-link elementor-size-sm elementor-animation-hang\" href=\"https:\/\/lodeponxe.com\/sobre-nosotros\/\">\n\t\t\t\t\t\t<span class=\"elementor-button-content-wrapper\">\n\t\t\t\t\t\t\t\t\t<span class=\"elementor-button-text\">Saber m\u00e1s <\/span>\n\t\t\t\t\t<\/span>\n\t\t\t\t\t<\/a>\n\t\t\t\t\t\t\t\t<\/div>\n\t\t\t\t\t<\/div>\n\t\t<\/div>\n\t\t\t\t<div class=\"elementor-column elementor-col-50 elementor-inner-column elementor-element elementor-element-3639f76\" data-id=\"3639f76\" data-element_type=\"column\" data-e-type=\"column\">\n\t\t\t<div class=\"elementor-widget-wrap elementor-element-populated\">\n\t\t\t\t\t\t<div class=\"elementor-element elementor-element-4bb87bb elementor-widget elementor-widget-text-editor\" data-id=\"4bb87bb\" data-element_type=\"widget\" data-e-type=\"widget\" data-widget_type=\"text-editor.default\">\n\t\t\t\t\t\t\t\t\t<div class=\"flex max-w-full flex-col flex-grow\"><div class=\"min-h-8 text-message flex w-full flex-col items-end gap-2 whitespace-normal break-words [.text-message+&amp;]:mt-5\" dir=\"auto\" data-message-author-role=\"assistant\" data-message-id=\"def7cac0-2707-4442-b93b-c94e77fa0a36\" data-message-model-slug=\"gpt-4o\"><div class=\"flex w-full flex-col gap-1 empty:hidden first:pt-[3px]\"><div class=\"markdown prose w-full break-words dark:prose-invert dark\"><p data-start=\"201\" data-end=\"431\">En Lo de Ponxe llevamos m\u00e1s de nueve a\u00f1os ofreciendo mucho m\u00e1s que comida: compartimos una forma de entender la vida a trav\u00e9s de la cocina vegana macrobi\u00f3tica, llena de aromas, especias y productos frescos de proximidad.<\/p><p data-start=\"433\" data-end=\"742\">Nuestro proyecto naci\u00f3 de una pasi\u00f3n personal. Tras formarnos en macrobi\u00f3tica, decidimos emprender para crear un espacio donde la alimentaci\u00f3n consciente se convierta en una experiencia transformadora. Creemos que comer saludable no significa renunciar al sabor, sino descubrir nuevas formas de disfrutarlo.<\/p><\/div><\/div><\/div><\/div>\t\t\t\t\t\t\t\t<\/div>\n\t\t\t\t\t<\/div>\n\t\t<\/div>\n\t\t\t\t\t<\/div>\n\t\t<\/section>\n\t\t\t\t<section class=\"elementor-section elementor-inner-section elementor-element elementor-element-25e168b elementor-section-boxed elementor-section-height-default elementor-section-height-default\" data-id=\"25e168b\" data-element_type=\"section\" data-e-type=\"section\">\n\t\t\t\t\t\t<div class=\"elementor-container elementor-column-gap-no\">\n\t\t\t\t\t<div class=\"elementor-column elementor-col-50 elementor-inner-column elementor-element elementor-element-23a23e9\" data-id=\"23a23e9\" data-element_type=\"column\" data-e-type=\"column\">\n\t\t\t<div class=\"elementor-widget-wrap elementor-element-populated\">\n\t\t\t\t\t\t<div class=\"elementor-element elementor-element-2387524 elementor-widget__width-initial elementor-widget elementor-widget-image\" data-id=\"2387524\" data-element_type=\"widget\" data-e-type=\"widget\" data-widget_type=\"image.default\">\n\t\t\t\t\t\t\t\t\t\t\t\t\t\t\t<img fetchpriority=\"high\" decoding=\"async\" width=\"1080\" height=\"1350\" src=\"https:\/\/lodeponxe.com\/wp-content\/uploads\/2025\/09\/SaveClip.App_516448935_18391347340187897_5813606275087207729_n.jpg\" class=\"attachment-full size-full wp-image-114\" alt=\"\" srcset=\"https:\/\/lodeponxe.com\/wp-content\/uploads\/2025\/09\/SaveClip.App_516448935_18391347340187897_5813606275087207729_n.jpg 1080w, https:\/\/lodeponxe.com\/wp-content\/uploads\/2025\/09\/SaveClip.App_516448935_18391347340187897_5813606275087207729_n-240x300.jpg 240w, https:\/\/lodeponxe.com\/wp-content\/uploads\/2025\/09\/SaveClip.App_516448935_18391347340187897_5813606275087207729_n-819x1024.jpg 819w, https:\/\/lodeponxe.com\/wp-content\/uploads\/2025\/09\/SaveClip.App_516448935_18391347340187897_5813606275087207729_n-768x960.jpg 768w, https:\/\/lodeponxe.com\/wp-content\/uploads\/2025\/09\/SaveClip.App_516448935_18391347340187897_5813606275087207729_n-10x12.jpg 10w\" sizes=\"(max-width: 1080px) 100vw, 1080px\" \/>\t\t\t\t\t\t\t\t\t\t\t\t\t\t\t<\/div>\n\t\t\t\t<div class=\"elementor-element elementor-element-fdfee9f elementor-widget__width-initial elementor-widget elementor-widget-image\" data-id=\"fdfee9f\" data-element_type=\"widget\" data-e-type=\"widget\" data-widget_type=\"image.default\">\n\t\t\t\t\t\t\t\t\t\t\t\t\t\t\t<img decoding=\"async\" width=\"800\" height=\"666\" src=\"https:\/\/lodeponxe.com\/wp-content\/uploads\/2025\/09\/Diseno-sin-titulo-1-1024x853.png\" class=\"attachment-large size-large wp-image-118\" alt=\"\" srcset=\"https:\/\/lodeponxe.com\/wp-content\/uploads\/2025\/09\/Diseno-sin-titulo-1-1024x853.png 1024w, https:\/\/lodeponxe.com\/wp-content\/uploads\/2025\/09\/Diseno-sin-titulo-1-300x250.png 300w, https:\/\/lodeponxe.com\/wp-content\/uploads\/2025\/09\/Diseno-sin-titulo-1-768x640.png 768w, https:\/\/lodeponxe.com\/wp-content\/uploads\/2025\/09\/Diseno-sin-titulo-1-14x12.png 14w, https:\/\/lodeponxe.com\/wp-content\/uploads\/2025\/09\/Diseno-sin-titulo-1.png 1200w\" sizes=\"(max-width: 800px) 100vw, 800px\" \/>\t\t\t\t\t\t\t\t\t\t\t\t\t\t\t<\/div>\n\t\t\t\t\t<\/div>\n\t\t<\/div>\n\t\t\t\t<div class=\"elementor-column elementor-col-50 elementor-inner-column elementor-element elementor-element-517aa71\" data-id=\"517aa71\" data-element_type=\"column\" data-e-type=\"column\">\n\t\t\t<div class=\"elementor-widget-wrap elementor-element-populated\">\n\t\t\t\t\t\t<div class=\"elementor-element elementor-element-b6ef163 elementor-widget elementor-widget-image\" data-id=\"b6ef163\" data-element_type=\"widget\" data-e-type=\"widget\" data-widget_type=\"image.default\">\n\t\t\t\t\t\t\t\t\t\t\t\t\t\t\t<img decoding=\"async\" width=\"1200\" height=\"1000\" src=\"https:\/\/lodeponxe.com\/wp-content\/uploads\/2025\/09\/Diseno-sin-titulo.png\" class=\"attachment-full size-full wp-image-116\" alt=\"\" srcset=\"https:\/\/lodeponxe.com\/wp-content\/uploads\/2025\/09\/Diseno-sin-titulo.png 1200w, https:\/\/lodeponxe.com\/wp-content\/uploads\/2025\/09\/Diseno-sin-titulo-300x250.png 300w, https:\/\/lodeponxe.com\/wp-content\/uploads\/2025\/09\/Diseno-sin-titulo-1024x853.png 1024w, https:\/\/lodeponxe.com\/wp-content\/uploads\/2025\/09\/Diseno-sin-titulo-768x640.png 768w, https:\/\/lodeponxe.com\/wp-content\/uploads\/2025\/09\/Diseno-sin-titulo-14x12.png 14w\" sizes=\"(max-width: 1200px) 100vw, 1200px\" \/>\t\t\t\t\t\t\t\t\t\t\t\t\t\t\t<\/div>\n\t\t\t\t\t<\/div>\n\t\t<\/div>\n\t\t\t\t\t<\/div>\n\t\t<\/section>\n\t\t\t\t\t<\/div>\n\t\t<\/div>\n\t\t\t\t\t<\/div>\n\t\t<\/section>\n\t\t\t\t<section class=\"elementor-section elementor-top-section elementor-element elementor-element-d576dd3 elementor-section-boxed elementor-section-height-default elementor-section-height-default\" data-id=\"d576dd3\" data-element_type=\"section\" data-e-type=\"section\" data-settings=\"{&quot;background_background&quot;:&quot;classic&quot;}\">\n\t\t\t\t\t\t\t<div class=\"elementor-background-overlay\"><\/div>\n\t\t\t\t\t\t\t<div class=\"elementor-container elementor-column-gap-default\">\n\t\t\t\t\t<div class=\"elementor-column elementor-col-100 elementor-top-column elementor-element elementor-element-d985fed\" data-id=\"d985fed\" data-element_type=\"column\" data-e-type=\"column\">\n\t\t\t<div class=\"elementor-widget-wrap elementor-element-populated\">\n\t\t\t\t\t\t<div class=\"elementor-element elementor-element-8757311 elementor-widget elementor-widget-heading\" data-id=\"8757311\" data-element_type=\"widget\" data-e-type=\"widget\" data-widget_type=\"heading.default\">\n\t\t\t\t\t<h2 class=\"elementor-heading-title elementor-size-default\">Ven a disfrutar de nuestra cocina vegana macrobi\u00f3tica en Valencia<\/h2>\t\t\t\t<\/div>\n\t\t\t\t<div class=\"elementor-element elementor-element-4f971e2 elementor-widget elementor-widget-text-editor\" data-id=\"4f971e2\" data-element_type=\"widget\" data-e-type=\"widget\" data-widget_type=\"text-editor.default\">\n\t\t\t\t\t\t\t\t\t<p>Te invitamos a probar nuestro men\u00fa diario y dejarte sorprender por nuevas formas de disfrutar la cocina vegana.<\/p>\t\t\t\t\t\t\t\t<\/div>\n\t\t\t\t<div class=\"elementor-element elementor-element-478d931 elementor-align-center elementor-widget elementor-widget-button\" data-id=\"478d931\" data-element_type=\"widget\" data-e-type=\"widget\" data-widget_type=\"button.default\">\n\t\t\t\t\t\t\t\t\t\t<a class=\"elementor-button elementor-button-link elementor-size-sm elementor-animation-hang\" href=\"tel:%20665%2050%2002%2088\">\n\t\t\t\t\t\t<span class=\"elementor-button-content-wrapper\">\n\t\t\t\t\t\t\t\t\t<span class=\"elementor-button-text\">RESERVAS<\/span>\n\t\t\t\t\t<\/span>\n\t\t\t\t\t<\/a>\n\t\t\t\t\t\t\t\t<\/div>\n\t\t\t\t\t<\/div>\n\t\t<\/div>\n\t\t\t\t\t<\/div>\n\t\t<\/section>\n\t\t\t\t<\/div>\n\t\t","protected":false},"excerpt":{"rendered":"<p>Bienvenidos A Lo de Ponxe Restaurante vegano en Valencia Sobre Nosotros Cocina vegana macrobi\u00f3tica Saber m\u00e1s En Lo de Ponxe llevamos m\u00e1s de nueve a\u00f1os ofreciendo mucho m\u00e1s que comida: compartimos una forma de entender la vida a trav\u00e9s de la cocina vegana macrobi\u00f3tica, llena de aromas, especias y productos frescos de proximidad. Nuestro proyecto [&hellip;]<\/p>\n","protected":false},"author":1,"featured_media":0,"parent":0,"menu_order":0,"comment_status":"closed","ping_status":"closed","template":"elementor_canvas","meta":{"footnotes":""},"class_list":["post-9","page","type-page","status-publish","hentry"],"yoast_head":"<!-- This site is optimized with the Yoast SEO plugin v27.4 - https:\/\/yoast.com\/product\/yoast-seo-wordpress\/ -->\n<title>Inicio - Lo de Ponxe<\/title>\n<meta name=\"robots\" content=\"index, follow, max-snippet:-1, max-image-preview:large, max-video-preview:-1\" \/>\n<link rel=\"canonical\" href=\"https:\/\/lodeponxe.com\/en\/\" \/>\n<meta property=\"og:locale\" content=\"en_GB\" \/>\n<meta property=\"og:type\" content=\"article\" \/>\n<meta property=\"og:title\" content=\"Inicio - Lo de Ponxe\" \/>\n<meta property=\"og:description\" content=\"Bienvenidos A Lo de Ponxe Restaurante vegano en Valencia Sobre Nosotros Cocina vegana macrobi\u00f3tica Saber m\u00e1s En Lo de Ponxe llevamos m\u00e1s de nueve a\u00f1os ofreciendo mucho m\u00e1s que comida: compartimos una forma de entender la vida a trav\u00e9s de la cocina vegana macrobi\u00f3tica, llena de aromas, especias y productos frescos de proximidad. Nuestro proyecto [&hellip;]\" \/>\n<meta property=\"og:url\" content=\"https:\/\/lodeponxe.com\/en\/\" \/>\n<meta property=\"og:site_name\" content=\"Lo de Ponxe\" \/>\n<meta property=\"article:modified_time\" content=\"2025-11-25T13:07:30+00:00\" \/>\n<meta property=\"og:image\" content=\"https:\/\/lodeponxe.com\/wp-content\/uploads\/2025\/09\/SaveClip.App_516448935_18391347340187897_5813606275087207729_n.jpg\" \/>\n\t<meta property=\"og:image:width\" content=\"1080\" \/>\n\t<meta property=\"og:image:height\" content=\"1350\" \/>\n\t<meta property=\"og:image:type\" content=\"image\/jpeg\" \/>\n<meta name=\"twitter:card\" content=\"summary_large_image\" \/>\n<meta name=\"twitter:label1\" content=\"Estimated reading time\" \/>\n\t<meta name=\"twitter:data1\" content=\"1 minute\" \/>\n<script type=\"application\/ld+json\" class=\"yoast-schema-graph\">{\"@context\":\"https:\\\/\\\/schema.org\",\"@graph\":[{\"@type\":\"WebPage\",\"@id\":\"https:\\\/\\\/lodeponxe.com\\\/\",\"url\":\"https:\\\/\\\/lodeponxe.com\\\/\",\"name\":\"Inicio - Lo de Ponxe\",\"isPartOf\":{\"@id\":\"https:\\\/\\\/lodeponxe.com\\\/#website\"},\"primaryImageOfPage\":{\"@id\":\"https:\\\/\\\/lodeponxe.com\\\/#primaryimage\"},\"image\":{\"@id\":\"https:\\\/\\\/lodeponxe.com\\\/#primaryimage\"},\"thumbnailUrl\":\"https:\\\/\\\/lodeponxe.com\\\/wp-content\\\/uploads\\\/2025\\\/09\\\/SaveClip.App_516448935_18391347340187897_5813606275087207729_n.jpg\",\"datePublished\":\"2025-09-09T09:53:52+00:00\",\"dateModified\":\"2025-11-25T13:07:30+00:00\",\"breadcrumb\":{\"@id\":\"https:\\\/\\\/lodeponxe.com\\\/#breadcrumb\"},\"inLanguage\":\"en-GB\",\"potentialAction\":[{\"@type\":\"ReadAction\",\"target\":[\"https:\\\/\\\/lodeponxe.com\\\/\"]}]},{\"@type\":\"ImageObject\",\"inLanguage\":\"en-GB\",\"@id\":\"https:\\\/\\\/lodeponxe.com\\\/#primaryimage\",\"url\":\"https:\\\/\\\/lodeponxe.com\\\/wp-content\\\/uploads\\\/2025\\\/09\\\/SaveClip.App_516448935_18391347340187897_5813606275087207729_n.jpg\",\"contentUrl\":\"https:\\\/\\\/lodeponxe.com\\\/wp-content\\\/uploads\\\/2025\\\/09\\\/SaveClip.App_516448935_18391347340187897_5813606275087207729_n.jpg\"},{\"@type\":\"BreadcrumbList\",\"@id\":\"https:\\\/\\\/lodeponxe.com\\\/#breadcrumb\",\"itemListElement\":[{\"@type\":\"ListItem\",\"position\":1,\"name\":\"Portada\",\"item\":\"https:\\\/\\\/lodeponxe.com\\\/\"},{\"@type\":\"ListItem\",\"position\":2,\"name\":\"Inicio\"}]},{\"@type\":\"WebSite\",\"@id\":\"https:\\\/\\\/lodeponxe.com\\\/#website\",\"url\":\"https:\\\/\\\/lodeponxe.com\\\/\",\"name\":\"Lo de Ponxe\",\"description\":\"Restaurante de comida vegana\",\"publisher\":{\"@id\":\"https:\\\/\\\/lodeponxe.com\\\/#organization\"},\"potentialAction\":[{\"@type\":\"SearchAction\",\"target\":{\"@type\":\"EntryPoint\",\"urlTemplate\":\"https:\\\/\\\/lodeponxe.com\\\/?s={search_term_string}\"},\"query-input\":{\"@type\":\"PropertyValueSpecification\",\"valueRequired\":true,\"valueName\":\"search_term_string\"}}],\"inLanguage\":\"en-GB\"},{\"@type\":\"Organization\",\"@id\":\"https:\\\/\\\/lodeponxe.com\\\/#organization\",\"name\":\"Lo de Ponxe\",\"url\":\"https:\\\/\\\/lodeponxe.com\\\/\",\"logo\":{\"@type\":\"ImageObject\",\"inLanguage\":\"en-GB\",\"@id\":\"https:\\\/\\\/lodeponxe.com\\\/#\\\/schema\\\/logo\\\/image\\\/\",\"url\":\"https:\\\/\\\/lodeponxe.com\\\/wp-content\\\/uploads\\\/2025\\\/09\\\/cropped-488562344_1259425272576748_4056066400745945274_n-RK-Desarrollo-web-y-Redes-sociales.jpg\",\"contentUrl\":\"https:\\\/\\\/lodeponxe.com\\\/wp-content\\\/uploads\\\/2025\\\/09\\\/cropped-488562344_1259425272576748_4056066400745945274_n-RK-Desarrollo-web-y-Redes-sociales.jpg\",\"width\":1046,\"height\":1043,\"caption\":\"Lo de Ponxe\"},\"image\":{\"@id\":\"https:\\\/\\\/lodeponxe.com\\\/#\\\/schema\\\/logo\\\/image\\\/\"}}]}<\/script>\n<!-- \/ Yoast SEO plugin. -->","yoast_head_json":{"title":"Inicio - Lo de Ponxe","robots":{"index":"index","follow":"follow","max-snippet":"max-snippet:-1","max-image-preview":"max-image-preview:large","max-video-preview":"max-video-preview:-1"},"canonical":"https:\/\/lodeponxe.com\/en\/","og_locale":"en_GB","og_type":"article","og_title":"Inicio - Lo de Ponxe","og_description":"Bienvenidos A Lo de Ponxe Restaurante vegano en Valencia Sobre Nosotros Cocina vegana macrobi\u00f3tica Saber m\u00e1s En Lo de Ponxe llevamos m\u00e1s de nueve a\u00f1os ofreciendo mucho m\u00e1s que comida: compartimos una forma de entender la vida a trav\u00e9s de la cocina vegana macrobi\u00f3tica, llena de aromas, especias y productos frescos de proximidad. Nuestro proyecto [&hellip;]","og_url":"https:\/\/lodeponxe.com\/en\/","og_site_name":"Lo de Ponxe","article_modified_time":"2025-11-25T13:07:30+00:00","og_image":[{"width":1080,"height":1350,"url":"https:\/\/lodeponxe.com\/wp-content\/uploads\/2025\/09\/SaveClip.App_516448935_18391347340187897_5813606275087207729_n.jpg","type":"image\/jpeg"}],"twitter_card":"summary_large_image","twitter_misc":{"Estimated reading time":"1 minute"},"schema":{"@context":"https:\/\/schema.org","@graph":[{"@type":"WebPage","@id":"https:\/\/lodeponxe.com\/","url":"https:\/\/lodeponxe.com\/","name":"Inicio - Lo de Ponxe","isPartOf":{"@id":"https:\/\/lodeponxe.com\/#website"},"primaryImageOfPage":{"@id":"https:\/\/lodeponxe.com\/#primaryimage"},"image":{"@id":"https:\/\/lodeponxe.com\/#primaryimage"},"thumbnailUrl":"https:\/\/lodeponxe.com\/wp-content\/uploads\/2025\/09\/SaveClip.App_516448935_18391347340187897_5813606275087207729_n.jpg","datePublished":"2025-09-09T09:53:52+00:00","dateModified":"2025-11-25T13:07:30+00:00","breadcrumb":{"@id":"https:\/\/lodeponxe.com\/#breadcrumb"},"inLanguage":"en-GB","potentialAction":[{"@type":"ReadAction","target":["https:\/\/lodeponxe.com\/"]}]},{"@type":"ImageObject","inLanguage":"en-GB","@id":"https:\/\/lodeponxe.com\/#primaryimage","url":"https:\/\/lodeponxe.com\/wp-content\/uploads\/2025\/09\/SaveClip.App_516448935_18391347340187897_5813606275087207729_n.jpg","contentUrl":"https:\/\/lodeponxe.com\/wp-content\/uploads\/2025\/09\/SaveClip.App_516448935_18391347340187897_5813606275087207729_n.jpg"},{"@type":"BreadcrumbList","@id":"https:\/\/lodeponxe.com\/#breadcrumb","itemListElement":[{"@type":"ListItem","position":1,"name":"Portada","item":"https:\/\/lodeponxe.com\/"},{"@type":"ListItem","position":2,"name":"Inicio"}]},{"@type":"WebSite","@id":"https:\/\/lodeponxe.com\/#website","url":"https:\/\/lodeponxe.com\/","name":"Lo de Ponxe","description":"Restaurante de comida vegana","publisher":{"@id":"https:\/\/lodeponxe.com\/#organization"},"potentialAction":[{"@type":"SearchAction","target":{"@type":"EntryPoint","urlTemplate":"https:\/\/lodeponxe.com\/?s={search_term_string}"},"query-input":{"@type":"PropertyValueSpecification","valueRequired":true,"valueName":"search_term_string"}}],"inLanguage":"en-GB"},{"@type":"Organization","@id":"https:\/\/lodeponxe.com\/#organization","name":"Lo de Ponxe","url":"https:\/\/lodeponxe.com\/","logo":{"@type":"ImageObject","inLanguage":"en-GB","@id":"https:\/\/lodeponxe.com\/#\/schema\/logo\/image\/","url":"https:\/\/lodeponxe.com\/wp-content\/uploads\/2025\/09\/cropped-488562344_1259425272576748_4056066400745945274_n-RK-Desarrollo-web-y-Redes-sociales.jpg","contentUrl":"https:\/\/lodeponxe.com\/wp-content\/uploads\/2025\/09\/cropped-488562344_1259425272576748_4056066400745945274_n-RK-Desarrollo-web-y-Redes-sociales.jpg","width":1046,"height":1043,"caption":"Lo de Ponxe"},"image":{"@id":"https:\/\/lodeponxe.com\/#\/schema\/logo\/image\/"}}]}},"_links":{"self":[{"href":"https:\/\/lodeponxe.com\/en\/wp-json\/wp\/v2\/pages\/9","targetHints":{"allow":["GET"]}}],"collection":[{"href":"https:\/\/lodeponxe.com\/en\/wp-json\/wp\/v2\/pages"}],"about":[{"href":"https:\/\/lodeponxe.com\/en\/wp-json\/wp\/v2\/types\/page"}],"author":[{"embeddable":true,"href":"https:\/\/lodeponxe.com\/en\/wp-json\/wp\/v2\/users\/1"}],"replies":[{"embeddable":true,"href":"https:\/\/lodeponxe.com\/en\/wp-json\/wp\/v2\/comments?post=9"}],"version-history":[{"count":103,"href":"https:\/\/lodeponxe.com\/en\/wp-json\/wp\/v2\/pages\/9\/revisions"}],"predecessor-version":[{"id":437,"href":"https:\/\/lodeponxe.com\/en\/wp-json\/wp\/v2\/pages\/9\/revisions\/437"}],"wp:attachment":[{"href":"https:\/\/lodeponxe.com\/en\/wp-json\/wp\/v2\/media?parent=9"}],"curies":[{"name":"wp","href":"https:\/\/api.w.org\/{rel}","templated":true}]}}